{"id":10,"date":"2021-12-03T14:44:23","date_gmt":"2021-12-03T14:44:23","guid":{"rendered":"https:\/\/interfilm-deutschland.de\/?page_id=10"},"modified":"2024-05-28T06:53:59","modified_gmt":"2024-05-28T04:53:59","slug":"impressum","status":"publish","type":"page","link":"https:\/\/interfilm-deutschland.de\/?page_id=10","title":{"rendered":"Impressum"},"content":{"rendered":"\n<p>Interfilm Deutschland e.V.<\/p>\n\n\n\n<p>Adresse:<br>Dirk von Jutrczenka (Vorsitzender)<br>Forum Kirche<br>Hollerallee 75<br>28209 Bremen<\/p>\n\n\n\n<p>Tel.: +49 421 34615 11<br>Email:&nbsp;&nbsp;vorstand@interfilm-deutschland.de<\/p>\n\n\n\n<p>Haftungsausschluss: Trotz sorgf\u00e4ltiger inhaltlicher Kontrolle \u00fcbernehmen wir keine Haftung f\u00fcr die Inhalte externer Links. F\u00fcr den Inhalt der verlinkten Seiten sind ausschlie\u00dflich deren Betreiber verantwortlich.&nbsp;Zum Zeitpunkt der Verlinkung waren keine Rechtsverst\u00f6\u00dfe erkennbar. Bei Bekanntwerden einer solchen Rechtsverletzung wird der Link umgehend entfernt.<\/p>\n","protected":false},"excerpt":{"rendered":"<p>Interfilm Deutschland e.V. Adresse:Dirk von Jutrczenka (Vorsitzender)Forum KircheHollerallee 7528209 Bremen Tel.: +49 421 34615 11Email:&nbsp;&nbsp;vorstand@interfilm-deutschland.de Haftungsausschluss: Trotz sorgf\u00e4ltiger inhaltlicher Kontrolle \u00fcbernehmen wir keine Haftung f\u00fcr die Inhalte externer Links. F\u00fcr den Inhalt der verlinkten Seiten sind ausschlie\u00dflich deren Betreiber verantwortlich.&nbsp;Zum Zeitpunkt der Verlinkung waren keine Rechtsverst\u00f6\u00dfe erkennbar. Bei Bekanntwerden einer solchen Rechtsverletzung wird der Link umgehend entfernt.<\/p>\n","protected":false},"author":1,"featured_media":0,"parent":0,"menu_order":6,"comment_status":"closed","ping_status":"closed","template":"","meta":{"_acf_changed":false,"footnotes":""},"class_list":["post-10","page","type-page","status-publish","hentry"],"acf":[],"publishpress_future_action":{"enabled":false,"date":"2026-05-05 18:15:47","action":"change-status","newStatus":"draft","terms":[],"taxonomy":"","extraData":[]},"publishpress_future_workflow_manual_trigger":{"enabledWorkflows":[]},"_links":{"self":[{"href":"https:\/\/interfilm-deutschland.de\/index.php?rest_route=\/wp\/v2\/pages\/10","targetHints":{"allow":["GET"]}}],"collection":[{"href":"https:\/\/interfilm-deutschland.de\/index.php?rest_route=\/wp\/v2\/pages"}],"about":[{"href":"https:\/\/interfilm-deutschland.de\/index.php?rest_route=\/wp\/v2\/types\/page"}],"author":[{"embeddable":true,"href":"https:\/\/interfilm-deutschland.de\/index.php?rest_route=\/wp\/v2\/users\/1"}],"replies":[{"embeddable":true,"href":"https:\/\/interfilm-deutschland.de\/index.php?rest_route=%2Fwp%2Fv2%2Fcomments&post=10"}],"version-history":[{"count":8,"href":"https:\/\/interfilm-deutschland.de\/index.php?rest_route=\/wp\/v2\/pages\/10\/revisions"}],"predecessor-version":[{"id":1305,"href":"https:\/\/interfilm-deutschland.de\/index.php?rest_route=\/wp\/v2\/pages\/10\/revisions\/1305"}],"wp:attachment":[{"href":"https:\/\/interfilm-deutschland.de\/index.php?rest_route=%2Fwp%2Fv2%2Fmedia&parent=10"}],"curies":[{"name":"wp","href":"https:\/\/api.w.org\/{rel}","templated":true}]}}