{"id":1561,"date":"2025-03-27T16:01:05","date_gmt":"2025-03-27T15:01:05","guid":{"rendered":"https:\/\/interfilm-deutschland.de\/?page_id=1561"},"modified":"2025-03-27T16:02:00","modified_gmt":"2025-03-27T15:02:00","slug":"filmstarts-2025","status":"publish","type":"page","link":"https:\/\/interfilm-deutschland.de\/?page_id=1561","title":{"rendered":"Filmstarts 2025"},"content":{"rendered":"<style id=\"smart_post_show_dynamic_css1559\">#pcp_wrapper-1559:not(.sps-glossary-layout) .sp-pcp-row,#pcp_wrapper-1559 .sps-glossary-items-group .sps-glossary-items-content {margin-right: -10px;margin-left: -10px;}#pcp_wrapper-1559 .sp-pcp-row [class*='sp-pcp-col-'],#pcp_wrapper-1559 .sp-pcp-row .sp-pcp-block-hierarchical{padding-right: 10px;padding-left: 10px; padding-bottom:20px;}.pcp-wrapper-1559 .sp-pcp-title a,.pcp-modal-1559 .sp-pcp-title, .pcp-wrapper-1559 .pcp-collapse-header a{text-align: left;text-transform: none;font-size: 20px;line-height: 24px;letter-spacing: 0px;color: #111;display: inherit;}.pcp-wrapper-1559 .sp-pcp-title, .pcp-modal-1559 .sp-pcp-title {margin: 0px 0px 9px 0px;}.pcp-wrapper-1559 .pcp-collapse-header a{display: inline-block;}.pcp-modal-1559 .sp-pcp-title{text-align: left;color: #111; display: block;}.pcp-wrapper-1559 .sp-pcp-title a:hover,.pcp-wrapper-1559 .pcp-collapse-header:hover a{color: #e1624b;}.pcp-wrapper-1559 .sp-pcp-post-content, .pcp-modal-1559 .sp-pcp-post-content, .pcp-wrapper-1559 .sp-pcp-post-content p, .pcp-modal-1559 .sp-pcp-post-content p{text-align: left;text-transform: none;font-size: 16px;line-height: 20px;letter-spacing: 0px;margin: 0px 0px 17px 0px;color: #444; }.pcp-modal-1559 .sp-pcp-post-content,.pcp-modal-1559 .sp-pcp-post-content p,.pcp-modal-1559 .sp-pcp-post-content * {color: #444;}#pcp_wrapper-1559 .sp-pcp-post ,#pcp_wrapper-1559 .sp-pcp-post td, #pcp_wrapper-1559 .table-responsive th {border: 0px solid #e2e2e2; border-radius:0px;}#pcp_wrapper-1559 .sp-pcp-post{background-color: transparent;}#pcp_wrapper-1559 .sp-pcp-post {padding: 0 0 0 0;}#pcp_wrapper-1559 .sp-pcp-post-details {padding: 0 0 0 0;}#pcp_wrapper-1559 .sp-pcp-post .pcp-post-thumb-wrapper{margin: 0px 0px 11px 0px;}.pcp-modal-1559 .sp-pcp-post .sp-pcp-post-thumb-area {margin: 0px 0px 11px 0px;}#pcp_wrapper-1559 .sp-overlay.sp-pcp-post .pcp-post-thumb-wrapper,#pcp_wrapper-1559 .left-thumb.sp-pcp-post .pcp-post-thumb-wrapper,#pcp_wrapper-1559 .right-thumb.sp-pcp-post .pcp-post-thumb-wrapper,#pcp_wrapper-1559 .sp-pcp-content-box.sp-pcp-post .pcp-post-thumb-wrapper{margin: 0;}#pcp_wrapper-1559 .pcp-post-thumb-wrapper{border: 0px solid #dddddd;border-radius:0px;}.pcp-wrapper-1559 .sp_pcp_cf_list,.pcp-popup-1559 .sp_pcp_cf_list{text-align: left;text-transform: none;font-size: 14px;line-height: 18px;letter-spacing: 0px;color: #888;margin: 0px 0px 15px 0px;}.pcp-popup-1559 .sp_pcp_cf_list{color: #888;}.pcp-wrapper-1559 .sp-pcp-post .pcp-category a,.pcp-wrapper-1559 .sp-pcp-post .sp-pcp-post-meta ul li{margin: 0px 5px 5px 0px;}.pcp-wrapper-1559 .sp-pcp-post-meta li,.pcp-wrapper-1559 td.sp-pcp-post-meta,.pcp-wrapper-1559 .sp-pcp-post-meta ul,.pcp-wrapper-1559 .sp-pcp-post-meta li a,.pcp-popup-1559 .sp-pcp-post-meta ul,.pcp-popup-1559 .sp-pcp-post-meta li,.pcp-popup-1559 .sp-pcp-post-meta li a{text-transform: none;font-size: 14px;line-height: 16px;letter-spacing: 0px;color: #888;}.pcp-popup-1559 .sp-pcp-post-meta ul,.pcp-popup-1559 .sp-pcp-post-meta li,.pcp-popup-1559 .sp-pcp-post-meta li a {color: #888;}.pcp-modal-1559 .sp-pcp-post-meta,.pcp-wrapper-1559 .sp-pcp-post-meta{margin: 0px 0px 9px 0px;text-align: left;}.pcp-wrapper-1559 .sp-pcp-post-meta li a:hover,.pcp-popup-1559 .sp-pcp-post-meta li a:hover{color: #e1624b;}#pcp_wrapper-1559 .sp-pcp-post .sp-pcp-social-share{text-align: left;}.pcp-popup-1559 .sp-pcp-post .sp-pcp-social-share{text-align: left;}#pcp_wrapper-1559 .sp-pcp-post .sp-pcp-social-share,.pcp-popup-1559 .sp-pcp-post .sp-pcp-social-share{margin: 0px 0px 0px 0px;}.pcp-popup-1559 .sp-pcp-post .sp-pcp-social-share a.icon_only .fa,#pcp_wrapper-1559 .sp-pcp-post .sp-pcp-social-share a.icon_only .fa{background: transparent;border: none;}#pcp_wrapper-1559 .pcp-readmore-link{text-transform: uppercase; font-size: 12px; line-height: 18px; letter-spacing: 0px; }#pcp_wrapper-1559 .sp-pcp-readmore{ text-align: left; }#pcp_wrapper-1559 .pcp-readmore-link{ background: transparent; color: #111; border: 1px solid #888; border-radius: 0px; } #pcp_wrapper-1559 .pcp-readmore-link:hover { background-color: #e1624b; color: #fff; border-color: #e1624b; }#pcp_wrapper-1559 .wp-block-columns {display: flex;gap: 1em;}#pcp_wrapper-1559 .wp-block-columns >.wp-block-column{flex-basis: 100%;}#pcp_wrapper-1559 .pcp-post-pagination .page-numbers.current, #pcp_wrapper-1559 .pcp-post-pagination a.active , #pcp_wrapper-1559 .pcp-post-pagination a:hover{ color: #5e5e5e; background-color: #ffffff; border-color: #e1624b; }#pcp_wrapper-1559 .pcp-post-pagination,#pcp_wrapper-1559 .pcp-load-more,#pcp_wrapper-1559 .pcp-infinite-scroll-loader{ text-align: left; }#pcp_wrapper-1559 .pcp-post-pagination .page-numbers, .pcp-post-pagination a{ background: #e1624b; color:#ffffff; border: 1px solid #bbbbbb;border-radius: 2px;}#pcp_wrapper-1559 .pcp-load-more button{ background: #e1624b; color: #ffffff; border: 1px solid #bbbbbb; border-radius: 2px; }#pcp_wrapper-1559 .pcp-load-more button:hover{ background: #ffffff; color: #5e5e5e; border: 1px solid #e1624b; cursor: pointer; }#pcp_wrapper-1559 .pcp-filter-bar .pcp-filter-by select{border: 1px solid #bbbbbb;border-radius:2px;}#pcp_wrapper-1559 .pcp-filter-bar .pcp-filter-by select:hover{border-color: #e1624b;}#pcp_wrapper-1559 .pcp-filter-bar .pcp-filter-by select{border: 1px solid #bbbbbb;border-radius:2px;}#pcp_wrapper-1559 .pcp-filter-bar .pcp-filter-by select:hover{border-color: #e1624b;}#pcp_wrapper-1559 .pcp_ex_filter_bar .pcp-order.pcp-bar.fl-btn input~div { background: #ffffff;color:#5e5e5e; border: 1px solid #bbbbbb;border-radius:2px;font-size: 13px;line-height: 24px;text-transform: uppercase;letter-spacing: 0px;}#pcp_wrapper-1559 .pcp_ex_filter_bar .pcp-order.pcp-bar.fl-btn input:checked~div{ color: #ffffff; background: #e1624b; border-color: #e1624b; }#pcp_wrapper-1559 .pcp_ex_filter_bar .pcp-order.pcp-bar.fl-btn input:hover~div{ color: #ffffff; background: #e1624b; border-color: #e1624b; }#pcp_wrapper-1559 .pcp_ex_filter_bar .pcp-order select{ border: 1px solid #bbbbbb;border-radius:2px;}#pcp_wrapper-1559 .pcp_ex_filter_bar .pcp-order select:hover{ border-color: #e1624b;}#pcp_wrapper-1559 .pcp_ex_filter_bar .pcp-order-by select{ border: 1px solid #bbbbbb;border-radius:2px;}#pcp_wrapper-1559 .pcp_ex_filter_bar .pcp-order-by select:hover{ border-color: #e1624b;}#pcp_wrapper-1559 .pcp-shuffle-filter .taxonomy-group{ margin: 0px 0px 30px 0px; }#pcp_wrapper-1559 .pcp-shuffle-filter .pcp-button{background: transparent;color: #444444;margin: 0px 8px 8px 0px;border: 2px solid #bbbbbb;font-size: 13px;text-transform: uppercase;letter-spacing: 0px;}#pcp_wrapper-1559 .pcp-shuffle-filter .pcp-button:hover, #pcp_wrapper-1559 .pcp-shuffle-filter .pcp-button.is-active { background: #e1624b; color: #ffffff; border: 2px solid #e1624b; } @media (max-width: 768px) {.pcp-wrapper-1559 .sp-pcp-title a{ font-size: 18px; line-height: 22px; }.pcp-wrapper-1559 .sp-pcp-post-content, .pcp-wrapper-1559 .sp-pcp-post-content p{ font-size: 14px; line-height: 18px; }#pcp_wrapper-1559 .pcp-readmore-link{ font-size: 12px; line-height: 18px; }.pcp-wrapper-1559 .sp-pcp-post-meta li, .pcp-wrapper-1559 .sp-pcp-post-meta li a { font-size: 14px; line-height: 16px; } .pcp-wrapper-1559 .sp_pcp_cf_list{ font-size: 14px; line-height: 18px; } }@media (max-width: 420px) {.pcp-wrapper-1559 .sp-pcp-title a{ font-size: 16px; line-height: 20px; }.pcp-wrapper-1559 .sp-pcp-post-content, .pcp-wrapper-1559 .sp-pcp-post-content p{ font-size: 12px; line-height: 18px; }#pcp_wrapper-1559 .pcp-readmore-link{ font-size: 10px; line-height: 16px; }.pcp-wrapper-1559 .sp-pcp-post-meta li, .pcp-wrapper-1559 .sp-pcp-post-meta li a{ font-size: 12px; line-height: 16px; } .pcp-wrapper-1559 .sp_pcp_cf_list{ font-size: 12px; line-height: 16px; } }#pcp_wrapper-1559 .pcp-table-layout table tbody tr.sp-pcp-post:nth-child(even) { background-color: hsl(0deg 0% 60% \/ 10%);}.sp-pcp-row .sp-pcp-block-6 { flex: 1 1 calc(50% );}@media (min-width: 1200px) { .sp-pcp-row .sp-pcp-col-xl-1 { flex: 1 1 100%; max-width: 100%; } .sp-pcp-row .sp-pcp-col-xl-2 { flex: 1 1 calc(50% ); max-width: calc(50% ); } .sp-pcp-row .sp-pcp-col-xl-3 { flex: 1 1 calc(33.22% ); max-width: calc(33.22% ); } .sp-pcp-row .sp-pcp-col-xl-4 { flex: 1 1 25%; max-width: 25%; } .sp-pcp-row .sp-pcp-col-xl-5 { flex: 1 1 calc(20% ); max-width: calc(20% ); } .sp-pcp-row .sp-pcp-col-xl-6 { flex: 1 1 calc(16.66% ); max-width: calc(16.66% ); } .sp-pcp-row .sp-pcp-col-xl-7 { flex: 1 1 calc(14.285% );max-width: calc(14.285% ); } .sp-pcp-row .sp-pcp-col-xl-8 { flex: 1 1 calc(12.5% );max-width: calc(12.5% ); }}@media (max-width: 1200px) { .sp-pcp-row .sp-pcp-col-lg-1 { flex: 1 1 100%; max-width: 100%; } .sp-pcp-row .sp-pcp-col-lg-2 { flex: 1 1 calc(50% );max-width: calc(50% ); } .sp-pcp-row .sp-pcp-col-lg-3 { flex: 1 1 calc(33.22% ); max-width: calc(33.22% ); } .sp-pcp-row .sp-pcp-col-lg-4 { flex: 1 1 calc(25% ); max-width: calc(25% ); } .sp-pcp-row .sp-pcp-col-lg-5 { flex: 1 1 calc(20% ); max-width: calc(20% ); } .sp-pcp-row .sp-pcp-col-lg-6 { flex: 1 1 calc(16.66% ); max-width: calc(16.66% ); } .sp-pcp-row .sp-pcp-col-lg-7 { flex: 1 1 calc(14.285% ); max-width: calc(14.285% ); } .sp-pcp-row .sp-pcp-col-lg-8 { flex: 1 1 calc(12.5% ); max-width: calc(12.5% ); }}@media (max-width: 992px) { .sp-pcp-row .sp-pcp-col-md-1 { flex: 1 1 100%; max-width: 100%; } .sp-pcp-row .sp-pcp-col-md-2 { flex: 1 1 calc(50% ); max-width: calc(50% ); } .sp-pcp-row .sp-pcp-col-md-2-5 { flex: 1 1 calc(75% ); max-width: calc(75% ); } .sp-pcp-row .sp-pcp-col-md-3 { flex: 1 1 calc(33.22% ); max-width: calc(33.22% ); } .sp-pcp-row .sp-pcp-col-md-4 { flex: 1 1 calc(25% ); max-width: 25%; } .sp-pcp-row .sp-pcp-col-md-5 { flex: 1 1 calc(20% ); max-width: calc(25% ); } .sp-pcp-row .sp-pcp-col-md-6 { flex: 1 1 calc(16.66% ); max-width: calc(16.66% ); } .sp-pcp-row .sp-pcp-col-md-7 { flex: 1 1 calc(14.285% ); max-width: calc(14.285% ); } .sp-pcp-row .sp-pcp-col-md-8 { flex: 1 1 calc(12.5% ); max-width: calc(12.5% ); }}@media (max-width: 768px) { .sp-pcp-row .sp-pcp-col-sm-1 { flex: 1 1 100%; max-width: 100%; } .sp-pcp-row .sp-pcp-col-sm-2 { flex: 1 1 calc(50% ); max-width: calc(50% ); } .sp-pcp-row .sp-pcp-col-sm-2-5 { flex: 1 1 calc(75% ); max-width: calc(75% ); } .sp-pcp-row .sp-pcp-col-sm-3 { flex: 1 1 calc(33.22% ); max-width: calc(33.22% ); } .sp-pcp-row .sp-pcp-col-sm-4 { flex: 1 1 calc(25% ); max-width: calc(25% ); } .sp-pcp-row .sp-pcp-col-sm-5 { flex: 1 1 calc(20% ); max-width: calc(20% ); } .sp-pcp-row .sp-pcp-col-sm-6 { flex: 1 1 calc(16.66% ); max-width: calc(16.66% ); } .sp-pcp-row .sp-pcp-col-sm-7 { flex: 1 1 calc(14.285% ); max-width: calc(14.285% ); } .sp-pcp-row .sp-pcp-col-sm-8 { flex: 1 1 calc(12.5% ); max-width: calc(12.5% ); }}.pcp-post-pagination.pcp-on-mobile { display: none;}@media (max-width: 576px) {.sp-pcp-row .sp-pcp-col-xs-1 { flex: 1 1 100%; max-width: 100%; } .sp-pcp-row .sp-pcp-col-xs-2 { flex: 1 1 calc(50% ); max-width: calc(50% ); } .sp-pcp-row .sp-pcp-col-xs-3 { flex: 1 1 calc(33.22% ); max-width: calc(33.22% ); } .sp-pcp-row .sp-pcp-col-xs-4 { flex: 1 1 calc(25% ); max-width: calc(25% ); } .sp-pcp-row .sp-pcp-col-xs-5 { flex: 1 1 calc(20% ); max-width: calc(20% ); } .sp-pcp-row .sp-pcp-col-xs-6 { flex: 1 1 calc(16.66% ); max-width: calc(16.66% ); } .sp-pcp-row .sp-pcp-col-xs-7 { flex: 1 1 calc(14.285% ); max-width: calc(14.285% ); } .sp-pcp-row .sp-pcp-col-xs-8 { flex: 1 1 calc(12.5% ); max-width: calc(12.5% ); } .pcp-post-pagination.pcp-on-mobile:not(.pcp-hide) { display: block; } .pcp-post-pagination:not(.pcp-on-mobile) { display: none; }}<\/style><div id=\"pcp_wrapper-1559\"class=\"sp-pcp-section sp-pcp-container pcp-wrapper-1559\" data-pagination=ajax_load_more data-pagination_mobile=infinite_scroll data-sid=1559 data-sid=\"1559\" data-lang=\"\"><div class=\"sp-pcp-row\"><div class=\"sp-pcp-col-xs-1\"><div class=\"sp-pcp-post left-thumb pcp-item-1579\" data-id=\"1579\"><div class=\"sp-pcp-post-details \"><div class=\"sp-pcp-post-details-content\"><h2 class=\"sp-pcp-title\"><a href=\"https:\/\/interfilm-deutschland.de\/?p=1579\" target=\"_self\">Das tiefste Blau (O \u00faltimo azul)<\/a><\/h2><div class=\"sp-pcp-post-content\">Preistr\u00e4ger:75. Internationale Filmfestspiele Berlin, Preis der \u00d6kumenischen Jury (Wettbewerb)Geplanter Filmstart:25.09. 2025Regie:Gabriel Mascaro (Brasilien u.a., 2025)Verleih:Alamode Filmdistribution OHG \/ Die Filmagentinnen Die 77-j\u00e4hrige Tereza lebt in einer kleinen Industriestadt im Amazonasgebiet. Eines Tages erh\u00e4lt sie die offizielle Anweisung der Regierung, in eine Seniorenkolonie in einer entlegenen Gegend zu ziehen. Hier sollen die Alten ihre letzten Jahre \u201egenie\u00dfen\u201c,...<div class=\"sp-pcp-readmore\"><a class=\"pcp-readmore-link\" target=\"_self\" href=\"https:\/\/interfilm-deutschland.de\/?p=1579\">Weitere Informationen <\/a><\/div><\/div><\/div><\/div><\/div><\/div><div class=\"sp-pcp-col-xs-1\"><div class=\"sp-pcp-post left-thumb pcp-item-1557\" data-id=\"1557\"><div class=\"sp-pcp-post-details \"><div class=\"sp-pcp-post-details-content\"><h2 class=\"sp-pcp-title\"><a href=\"https:\/\/interfilm-deutschland.de\/?p=1557\" target=\"_self\">Bitter Gold (Oro amargo)<\/a><\/h2><div class=\"sp-pcp-post-content\">Preistr\u00e4ger: 40. Internationales Filmfestival Warschau 2024, Preis der \u00d6kumenischen Jury Geplanter Filmstart: 21.08.2025 Regie: Juan Francisco Olea (Chile u.a., 2024) Verleih: jip film und verleih gbr In der endlosen Weite der Atacama-W\u00fcste tr\u00e4umt die junge Carola von einem Leben am Meer. Doch der harte Alltag in einer illegalen Mine und ein t\u00f6dliches Geheimnis stellen alles infrage....<div class=\"sp-pcp-readmore\"><a class=\"pcp-readmore-link\" target=\"_self\" href=\"https:\/\/interfilm-deutschland.de\/?p=1557\">Weitere Informationen <\/a><\/div><\/div><\/div><\/div><\/div><\/div><div class=\"sp-pcp-col-xs-1\"><div class=\"sp-pcp-post left-thumb pcp-item-1572\" data-id=\"1572\"><div class=\"sp-pcp-post-details \"><div class=\"sp-pcp-post-details-content\"><h2 class=\"sp-pcp-title\"><a href=\"https:\/\/interfilm-deutschland.de\/?p=1572\" target=\"_self\">Oslo Stories: Sehnsucht (Sex)<\/a><\/h2><div class=\"sp-pcp-post-content\">Preistr\u00e4ger: 74. Internationale Filmfestspiele Berlin 2024: Panorama, Preis der \u00d6kumenischen Jury&nbsp; Geplanter Filmstart: 22.05.2025 Regie: Dag Johan Haugerud (Norwegen, 2024) Verleih: Alamode Filmdistribution oHG Zwei Schornsteinfeger, die beide in monogamen heterosexuellen Ehen leben, finden sich jeweils in Situationen wieder, die sie dazu anregen, ihre Vorstellungen von Sexualit\u00e4t und Geschlechterrollen zu \u00fcberdenken. Einer von ihnen erlebt eine...<div class=\"sp-pcp-readmore\"><a class=\"pcp-readmore-link\" target=\"_self\" href=\"https:\/\/interfilm-deutschland.de\/?p=1572\">Weitere Informationen <\/a><\/div><\/div><\/div><\/div><\/div><\/div><div class=\"sp-pcp-col-xs-1\"><div class=\"sp-pcp-post left-thumb pcp-item-1555\" data-id=\"1555\"><div class=\"sp-pcp-post-details \"><div class=\"sp-pcp-post-details-content\"><h2 class=\"sp-pcp-title\"><a href=\"https:\/\/interfilm-deutschland.de\/?p=1555\" target=\"_self\">Wenn das Licht zerbricht (Lj\u00f3sbrot)<\/a><\/h2><div class=\"sp-pcp-post-content\">Preistr\u00e4ger: 66. Nordische Filmtage L\u00fcbeck, Preis der Kirchlichen Jury Geplanter Filmstart: 08.05.2025 Regie: R\u00fanar R\u00fanarsson (Island 2024) Verleih: Neue Visionen Filmverleih Diddi und Una genie\u00dfen den Sonnenuntergang am Meer. Seit Kurzem sind die beiden Kunststudierenden ein Paar, doch noch wei\u00df niemand davon. Als Diddi bei einer Brandkatastrophe ums Leben kommt, bleibt Una mit ihrer Trauer zun\u00e4chst...<div class=\"sp-pcp-readmore\"><a class=\"pcp-readmore-link\" target=\"_self\" href=\"https:\/\/interfilm-deutschland.de\/?p=1555\">Weitere Informationen <\/a><\/div><\/div><\/div><\/div><\/div><\/div><div class=\"sp-pcp-col-xs-1\"><div class=\"sp-pcp-post left-thumb pcp-item-1545\" data-id=\"1545\"><div class=\"sp-pcp-post-details \"><div class=\"sp-pcp-post-details-content\"><h2 class=\"sp-pcp-title\"><a href=\"https:\/\/interfilm-deutschland.de\/?p=1545\" target=\"_self\">Quiet Life<\/a><\/h2><div class=\"sp-pcp-post-content\">Preistr\u00e4ger: 81. Internationale Filmfestspiele Venedig 2024, Interfilm-Preis zur F\u00f6rderung des interreligi\u00f6sen Dialogs Geplanter Filmstart: 24.04.2025 Regie: Alexandros Avranas (Schweden, FR, DE, GR, EE, FI 2024) Verleih: Wild Bunch Germany Schweden, 2018. Ein mysteri\u00f6ses Syndrom, von dem Fl\u00fcchtlingskinder betroffen sind, l\u00f6st bei \u00c4rzten und Politikern Besorgnis aus. Sergei und Natalia mussten nach einem Angriff, der Sergei fast...<div class=\"sp-pcp-readmore\"><a class=\"pcp-readmore-link\" target=\"_self\" href=\"https:\/\/interfilm-deutschland.de\/?p=1545\">Weitere Informationen <\/a><\/div><\/div><\/div><\/div><\/div><\/div><div class=\"sp-pcp-col-xs-1\"><div class=\"sp-pcp-post left-thumb pcp-item-1553\" data-id=\"1553\"><div class=\"sp-pcp-post-details \"><div class=\"sp-pcp-post-details-content\"><h2 class=\"sp-pcp-title\"><a href=\"https:\/\/interfilm-deutschland.de\/?p=1553\" target=\"_self\">Toxic (Akipl\u00e8\u0161a)<\/a><\/h2><div class=\"sp-pcp-post-content\">Preistr\u00e4ger: 77. Filmfestival Locarno 2024, Preis der \u00d6kumenischen Jury Geplanter Filmstart: 24.04.2025 Regie: Saul\u00e8 Bliuvait\u00e8 (Litauen 2024) Verleih: Grandfilm Die beiden 13-J\u00e4hrigen Marija und Kristina tr\u00e4umen\u00a0davon, der Trostlosigkeit ihrer industriell gepr\u00e4gten Heimatstadt zu entfliehen. In der \u00f6rtlichen Modelschule, wo die Aussicht auf ein besseres Leben die M\u00e4dchen dazu treibt, ihren K\u00f6rper auf immer extremere Art und...<div class=\"sp-pcp-readmore\"><a class=\"pcp-readmore-link\" target=\"_self\" href=\"https:\/\/interfilm-deutschland.de\/?p=1553\">Weitere Informationen <\/a><\/div><\/div><\/div><\/div><\/div><\/div><div class=\"sp-pcp-col-xs-1\"><div class=\"sp-pcp-post left-thumb pcp-item-1549\" data-id=\"1549\"><div class=\"sp-pcp-post-details \"><div class=\"sp-pcp-post-details-content\"><h2 class=\"sp-pcp-title\"><a href=\"https:\/\/interfilm-deutschland.de\/?p=1549\" target=\"_self\">Scham<\/a><\/h2><div class=\"sp-pcp-post-content\">Preistr\u00e4ger: 47. Filmfestival Max Oph\u00fcls Preis 2025, Preis der \u00d6kumenischen Jury Geplanter Filmstart: tba. Regie: Lukas R\u00f6der (Deutschland 2025) Verleih: misssingFILMs Aarons Kindheit war traumatisch. Er wurde als Kind von seiner Mutter Susanne geschlagen, immer wieder \u00fcbte sie sowohl k\u00f6rperliche als auch psychische Gewalt gegen ihn aus. Im Alter von sieben Jahren wurde er zudem von...<div class=\"sp-pcp-readmore\"><a class=\"pcp-readmore-link\" target=\"_self\" href=\"https:\/\/interfilm-deutschland.de\/?p=1549\">Weitere Informationen <\/a><\/div><\/div><\/div><\/div><\/div><\/div><div class=\"sp-pcp-col-xs-1\"><div class=\"sp-pcp-post left-thumb pcp-item-1551\" data-id=\"1551\"><div class=\"sp-pcp-post-details \"><div class=\"sp-pcp-post-details-content\"><h2 class=\"sp-pcp-title\"><a href=\"https:\/\/interfilm-deutschland.de\/?p=1551\" target=\"_self\">The Blue Trail (O \u00faltimo azul)<\/a><\/h2><div class=\"sp-pcp-post-content\">Preistr\u00e4ger: 75. Internationale Filmfestspiele Berlin, Preis der \u00d6kumenischen Jury (Wettbewerb) Geplanter Filmstart: Sp\u00e4tsommer\/Herbst 2025 Regie: Gabriel Mascaro (Brasilien u.a., 2025) Verleih: Alamode Filmdistribution OHG Damit die jungen Menschen ungest\u00f6rt ihre Produktivit\u00e4t steigern k\u00f6nnen, werden alte in Seniorenkolonien untergebracht. Die 77-j\u00e4hrige Tereza weigert sich, das zu akzeptiere, und begibt sich auf eine schicksalhafte Reise durch das Amazonasgebiet....<div class=\"sp-pcp-readmore\"><a class=\"pcp-readmore-link\" target=\"_self\" href=\"https:\/\/interfilm-deutschland.de\/?p=1551\">Weitere Informationen <\/a><\/div><\/div><\/div><\/div><\/div><\/div><\/div><span class=\"sp-pcp-pagination-data\" style=\"display:none;\" data-loadmoretext=\"Weitere Filme laden\" data-endingtext=\"No more posts available\"><\/span><nav class=\"pcp-post-pagination pcp-on-desktop ajax_load_more\"><\/nav><nav class=\"pcp-post-pagination pcp-on-mobile infinite_scroll\"><\/nav><\/div>\n","protected":false},"excerpt":{"rendered":"","protected":false},"author":2,"featured_media":0,"parent":943,"menu_order":0,"comment_status":"closed","ping_status":"closed","template":"","meta":{"_acf_changed":false,"footnotes":""},"class_list":["post-1561","page","type-page","status-publish","hentry"],"acf":[],"publishpress_future_action":{"enabled":false,"date":"2026-05-05 18:15:01","action":"change-status","newStatus":"draft","terms":[],"taxonomy":"","extraData":[]},"publishpress_future_workflow_manual_trigger":{"enabledWorkflows":[]},"_links":{"self":[{"href":"https:\/\/interfilm-deutschland.de\/index.php?rest_route=\/wp\/v2\/pages\/1561","targetHints":{"allow":["GET"]}}],"collection":[{"href":"https:\/\/interfilm-deutschland.de\/index.php?rest_route=\/wp\/v2\/pages"}],"about":[{"href":"https:\/\/interfilm-deutschland.de\/index.php?rest_route=\/wp\/v2\/types\/page"}],"author":[{"embeddable":true,"href":"https:\/\/interfilm-deutschland.de\/index.php?rest_route=\/wp\/v2\/users\/2"}],"replies":[{"embeddable":true,"href":"https:\/\/interfilm-deutschland.de\/index.php?rest_route=%2Fwp%2Fv2%2Fcomments&post=1561"}],"version-history":[{"count":1,"href":"https:\/\/interfilm-deutschland.de\/index.php?rest_route=\/wp\/v2\/pages\/1561\/revisions"}],"predecessor-version":[{"id":1562,"href":"https:\/\/interfilm-deutschland.de\/index.php?rest_route=\/wp\/v2\/pages\/1561\/revisions\/1562"}],"up":[{"embeddable":true,"href":"https:\/\/interfilm-deutschland.de\/index.php?rest_route=\/wp\/v2\/pages\/943"}],"wp:attachment":[{"href":"https:\/\/interfilm-deutschland.de\/index.php?rest_route=%2Fwp%2Fv2%2Fmedia&parent=1561"}],"curies":[{"name":"wp","href":"https:\/\/api.w.org\/{rel}","templated":true}]}}