{"id":65,"date":"2022-05-09T17:01:51","date_gmt":"2022-05-09T17:01:51","guid":{"rendered":"https:\/\/interfilm-deutschland.de\/?page_id=65"},"modified":"2026-01-16T15:56:33","modified_gmt":"2026-01-16T14:56:33","slug":"der-vorstand","status":"publish","type":"page","link":"https:\/\/interfilm-deutschland.de\/?page_id=65","title":{"rendered":"Der Vorstand"},"content":{"rendered":"\n<h3 class=\"wp-block-heading\">Dirk von Jutrczenka<br>(Vorsitzender)<\/h3>\n\n\n\n<figure class=\"wp-block-image alignleft size-full is-resized\"><img loading=\"lazy\" decoding=\"async\" width=\"1890\" height=\"1890\" src=\"https:\/\/interfilm-deutschland.de\/wp-content\/uploads\/2025\/01\/jutrczenka_16x16.jpg\" alt=\"\" class=\"wp-image-1531\" style=\"width:213px;height:auto\" srcset=\"https:\/\/interfilm-deutschland.de\/wp-content\/uploads\/2025\/01\/jutrczenka_16x16.jpg 1890w, https:\/\/interfilm-deutschland.de\/wp-content\/uploads\/2025\/01\/jutrczenka_16x16-300x300.jpg 300w, https:\/\/interfilm-deutschland.de\/wp-content\/uploads\/2025\/01\/jutrczenka_16x16-1024x1024.jpg 1024w, https:\/\/interfilm-deutschland.de\/wp-content\/uploads\/2025\/01\/jutrczenka_16x16-150x150.jpg 150w, https:\/\/interfilm-deutschland.de\/wp-content\/uploads\/2025\/01\/jutrczenka_16x16-768x768.jpg 768w, https:\/\/interfilm-deutschland.de\/wp-content\/uploads\/2025\/01\/jutrczenka_16x16-1536x1536.jpg 1536w, https:\/\/interfilm-deutschland.de\/wp-content\/uploads\/2025\/01\/jutrczenka_16x16-1800x1800.jpg 1800w, https:\/\/interfilm-deutschland.de\/wp-content\/uploads\/2025\/01\/jutrczenka_16x16-900x900.jpg 900w\" sizes=\"auto, (max-width: 1890px) 100vw, 1890px\" \/><\/figure>\n\n\n\n<p>Dirk von Jutrczenka ist seit 2026 Pfarrer f\u00fcr \u00d6kumene, Ethik und Weltanschauung der Ev.-Luth. Kirche in Oldenburg. Vorher Leiter forum Kirche Bremen und Fachstelle Religionsp\u00e4dagogik und Medien. Studium ev. Theologie und Sozialwissenschaften\/P\u00e4dagogik (M.A.) in G\u00f6ttingen und Birmingham. Mitgr\u00fcnder der Arbeitskreise Kirche und Film (Hannover) und Kirche und Kino (Bremen). Mitglied von INTERFILM seit 2004, verschiedene Juryt\u00e4tigkeiten. Publikation u.a. in: Dietmar Adler u.a. (Hgg.), Mit Bildern bewegen &#8211; Filmgottesdienste (gemeinsam gottesdienst gestalten Bd. 24), Hannover 2014. Initiator des Projekts FilmZuFlucht und Produzent des Films <a href=\"http:\/\/deutschkurs-film.de\" data-type=\"link\" data-id=\"deutschkurs-film.de\">DEUTSCHKURS<\/a> (Regie: Nehad Hussein, D 2019).<\/p>\n\n\n\n<p><strong>Kontakt: <\/strong><a href=\"https:\/\/wp1.ncsrv.de\/smb\/user\/edit\/id\/166\">Jutrczenka (at) interfilm-deutschland.de<\/a><\/p>\n\n\n\n<h3 class=\"wp-block-heading\">Linde Fr\u00f6hlich<br>(Stellv. Vorsitzende)<\/h3>\n\n\n\n<figure class=\"wp-block-image alignleft size-large is-resized\"><img loading=\"lazy\" decoding=\"async\" width=\"938\" height=\"1024\" src=\"https:\/\/interfilm-deutschland.de\/wp-content\/uploads\/2022\/05\/Foto_LindeFroehlich_09-18_DSC_1042a-938x1024.jpg\" alt=\"\" class=\"wp-image-71\" style=\"width:191px;height:auto\" srcset=\"https:\/\/interfilm-deutschland.de\/wp-content\/uploads\/2022\/05\/Foto_LindeFroehlich_09-18_DSC_1042a-938x1024.jpg 938w, https:\/\/interfilm-deutschland.de\/wp-content\/uploads\/2022\/05\/Foto_LindeFroehlich_09-18_DSC_1042a-275x300.jpg 275w, https:\/\/interfilm-deutschland.de\/wp-content\/uploads\/2022\/05\/Foto_LindeFroehlich_09-18_DSC_1042a-768x838.jpg 768w, https:\/\/interfilm-deutschland.de\/wp-content\/uploads\/2022\/05\/Foto_LindeFroehlich_09-18_DSC_1042a-1407x1536.jpg 1407w, https:\/\/interfilm-deutschland.de\/wp-content\/uploads\/2022\/05\/Foto_LindeFroehlich_09-18_DSC_1042a-1876x2048.jpg 1876w, https:\/\/interfilm-deutschland.de\/wp-content\/uploads\/2022\/05\/Foto_LindeFroehlich_09-18_DSC_1042a-1800x1965.jpg 1800w\" sizes=\"auto, (max-width: 938px) 100vw, 938px\" \/><\/figure>\n\n\n\n<p>Linde Fr\u00f6hlich&nbsp;ist Diplom-P\u00e4dagogin und als Kultur- und Filmvermittlerin t\u00e4tig. Nach dem Studium der Sozialwissenschaften in Marburg ging kam nach L\u00fcbeck, wo sie zun\u00e4chst mit Jugendbildung, Soziokultur und Medienp\u00e4dagogik befasst war, bis sie sich auf den Kino- und Festivalbereich konzentrierte. Sie war Initiatorin und Leiterin des Kommunalen Kinos und langj\u00e4hrige K\u00fcnstlerische Leiterin der Nordischen Filmtage L\u00fcbeck. Daneben engagierte sie sich in bundesweiten Fachverb\u00e4nden und Institutionen im Film- und Medienbereich. Heute bet\u00e4tigt sie sich als Scout und Consultant, um ihre Erfahrungen in der Filmauswahl und Programmgestaltung weiterzugeben und Menschen und Projekte zusammenzubringen.<\/p>\n\n\n\n<p><strong>Kontakt: <\/strong><a href=\"mailto:Froehlich@interfilm-deutschland.de\">Froehlich (at) interfilm-deutschland.de<\/a><\/p>\n\n\n\n<h3 class=\"wp-block-heading\">Gereon Terhorst<br>(Schatzmeister)<\/h3>\n\n\n\n<figure class=\"wp-block-image alignleft size-large is-resized\"><img loading=\"lazy\" decoding=\"async\" width=\"802\" height=\"1024\" src=\"https:\/\/interfilm-deutschland.de\/wp-content\/uploads\/2022\/05\/Bild-Steckbrief-802x1024.jpg\" alt=\"\" class=\"wp-image-66\" style=\"width:175px;height:auto\" srcset=\"https:\/\/interfilm-deutschland.de\/wp-content\/uploads\/2022\/05\/Bild-Steckbrief-802x1024.jpg 802w, https:\/\/interfilm-deutschland.de\/wp-content\/uploads\/2022\/05\/Bild-Steckbrief-235x300.jpg 235w, https:\/\/interfilm-deutschland.de\/wp-content\/uploads\/2022\/05\/Bild-Steckbrief-768x980.jpg 768w, https:\/\/interfilm-deutschland.de\/wp-content\/uploads\/2022\/05\/Bild-Steckbrief.jpg 941w\" sizes=\"auto, (max-width: 802px) 100vw, 802px\" \/><\/figure>\n\n\n\n<p>Gereon Terhorst, Jahrgang 1990, ist Wissenschaftlicher Mitarbeiter an der Evangelisch-Theologischen Fakult\u00e4t der Westf\u00e4lischen Wilhelms-Universit\u00e4t M\u00fcnster\/Westf. Studiert hat er in London und M\u00fcnster und seine Master- und Examensarbeit bereits zu Themen rund um Religion und Film geschrieben (Hope in Movies and religious life \/\/ Liturgy in Film). In Kooperation mit der ESG M\u00fcnster und dem Schlo\u00dftheater M\u00fcnster hat er einige Kinogottesdienste organisiert und durchgef\u00fchrt. In M\u00fcnster forscht er zur Darstellung des Abendmahls im Film des 21. Jahrhunderts aus liturgischer Perspektive. Regelm\u00e4\u00dfig ver\u00f6ffentlicht er auf Instagram (<a href=\"https:\/\/www.instagram.com\/kinopfarrer\">@kinopfarrer<\/a>) Reviews zu neuen Kinofilmen. Aktuell macht er mit Christian Engels zusammen den Podcast <a href=\"https:\/\/open.spotify.com\/show\/3TMwRgX33K7whMxvhwUylN\">&#8222;Vier Augen f\u00fcr ein Halleluja&#8220;<\/a>.<\/p>\n\n\n\n<p><strong>Kontakt: <\/strong><a href=\"mailto:terhorst@interfilm-deutschland.de\">terhorst (at) interfilm-deutschland.de<\/a><\/p>\n\n\n\n<h3 class=\"wp-block-heading\">Dr. Simone Liedtke<\/h3>\n\n\n\n<figure class=\"wp-block-image alignleft size-large is-resized\"><img loading=\"lazy\" decoding=\"async\" width=\"1024\" height=\"740\" src=\"https:\/\/interfilm-deutschland.de\/wp-content\/uploads\/2022\/05\/IMG_3657_MVE-1024x740.jpg\" alt=\"\" class=\"wp-image-70\" style=\"width:242px;height:auto\" srcset=\"https:\/\/interfilm-deutschland.de\/wp-content\/uploads\/2022\/05\/IMG_3657_MVE-1024x740.jpg 1024w, https:\/\/interfilm-deutschland.de\/wp-content\/uploads\/2022\/05\/IMG_3657_MVE-300x217.jpg 300w, https:\/\/interfilm-deutschland.de\/wp-content\/uploads\/2022\/05\/IMG_3657_MVE-768x555.jpg 768w, https:\/\/interfilm-deutschland.de\/wp-content\/uploads\/2022\/05\/IMG_3657_MVE-1536x1109.jpg 1536w, https:\/\/interfilm-deutschland.de\/wp-content\/uploads\/2022\/05\/IMG_3657_MVE-2048x1479.jpg 2048w, https:\/\/interfilm-deutschland.de\/wp-content\/uploads\/2022\/05\/IMG_3657_MVE-1800x1300.jpg 1800w\" sizes=\"auto, (max-width: 1024px) 100vw, 1024px\" \/><\/figure>\n\n\n\n<p>Dr. phil. Simone Liedtke, geboren 1978 in Hannover, ist zurzeit als Referentin f\u00fcr Kunst und Kultur im Haus kirchlicher Dienste in Hannover t\u00e4tig. Sie bringt Theologie, Spiritualit\u00e4t und Filmkunst in Filmseminaren, Filmgottesdiensten oder Filmexerzitien zusammen. Seit Jahren engagiert sie sich f\u00fcr den Dialog von Kunst und Kirche und wurde 2021 ins Pr\u00e4sidium von ARTHEON gew\u00e4hlt, der Gesellschaft f\u00fcr Gegenwartskunst und Kirche.&nbsp;Sie&nbsp;ist Mitglied im Arbeitskreis Kirche und Film der Landeskirche Hannovers und wirkt als Autorin und Moderatorin beim Projekt Kirchen und Kino mit. Simone Liedtke stellt unter anderem unter dem Titel ONEMINUTESKY selbst filmische Beitr\u00e4ge f\u00fcr Schule und Gemeinde mit filmp\u00e4dagogischem Begleitmaterial \u00fcber die Medienzentralen der Evangelischen und Katholischen Kirchen zur Verf\u00fcgung.<\/p>\n\n\n\n<p><strong>Kontakt: <\/strong><a href=\"mailto:Liedtke@interfilm-deutschland.de\">Liedtke (at) interfilm-deutschland.de<\/a><\/p>\n\n\n\n<h3 class=\"wp-block-heading\">Karsten Visarius<\/h3>\n\n\n\n<figure class=\"wp-block-image alignleft size-large is-resized\"><img loading=\"lazy\" decoding=\"async\" width=\"683\" height=\"1024\" src=\"https:\/\/interfilm-deutschland.de\/wp-content\/uploads\/2022\/05\/IMG_1843_-683x1024.jpg\" alt=\"\" class=\"wp-image-69\" style=\"width:140px;height:auto\" srcset=\"https:\/\/interfilm-deutschland.de\/wp-content\/uploads\/2022\/05\/IMG_1843_-683x1024.jpg 683w, https:\/\/interfilm-deutschland.de\/wp-content\/uploads\/2022\/05\/IMG_1843_-200x300.jpg 200w, https:\/\/interfilm-deutschland.de\/wp-content\/uploads\/2022\/05\/IMG_1843_-768x1152.jpg 768w, https:\/\/interfilm-deutschland.de\/wp-content\/uploads\/2022\/05\/IMG_1843_-1024x1536.jpg 1024w, https:\/\/interfilm-deutschland.de\/wp-content\/uploads\/2022\/05\/IMG_1843_-1365x2048.jpg 1365w, https:\/\/interfilm-deutschland.de\/wp-content\/uploads\/2022\/05\/IMG_1843_.jpg 1500w\" sizes=\"auto, (max-width: 683px) 100vw, 683px\" \/><\/figure>\n\n\n\n<p>Karsten Visarius (1952), Publizist und Filmkritiker. Studium der Literatur- und Sprachwissenschaft an der Philipps-Universit\u00e4t Marburg. 1980-1990 freier Mitarbeiter der Frankfurter Allgemeinen Zeitung und der Frankfurter Rundschau. Leiter des Filmkulturellen Zentrums im Gemeinschaftswerk der Evangelischen Publizistik in Frankfurt\/Main (1990-2017). Autor und Mitherausgeber der &#8222;Arnoldshainer Filmgespr\u00e4che&#8220; (1985-2009). Executive Director der internationalen kirchlichen Filmorganisation INTERFILM. Zuletzt: Autor und Mitherausgeber des Bandes: Die Faszination des B\u00f6sen. Ein filmisches Panorama (Religion, Film und Medien 5), Marburg, April 2022.<\/p>\n\n\n\n<p><strong>Kontakt:&nbsp;<\/strong><a href=\"mailto:visarius@interfilm-deutschland.de\">visarius (at) interfilm-deutschland.de<\/a><\/p>\n\n\n\n<hr class=\"wp-block-separator has-alpha-channel-opacity\"\/>\n\n\n\n<h3 class=\"wp-block-heading\">Barbara R. Schantz-Derboven<\/h3>\n\n\n\n<figure class=\"wp-block-image alignleft size-full is-resized\"><img loading=\"lazy\" decoding=\"async\" width=\"727\" height=\"768\" src=\"https:\/\/interfilm-deutschland.de\/wp-content\/uploads\/2025\/11\/P6032622-2-1.jpg\" alt=\"\" class=\"wp-image-1602\" style=\"width:240px\" srcset=\"https:\/\/interfilm-deutschland.de\/wp-content\/uploads\/2025\/11\/P6032622-2-1.jpg 727w, https:\/\/interfilm-deutschland.de\/wp-content\/uploads\/2025\/11\/P6032622-2-1-284x300.jpg 284w\" sizes=\"auto, (max-width: 727px) 100vw, 727px\" \/><\/figure>\n\n\n\n<p>Barbara Schantz-Derboven, Studium in Heidelberg der Germanistik (Magister) und Anglistik, Schwerpunkt \u201aTheater der Aufkl\u00e4rung\u2018. Langj\u00e4hrige T\u00e4tigkeit als Konferenzdolmetscherin f\u00fcr Industrie, Wirtschaft und Kultur nach Weiterqualifizierung in Toulouse, Frankreich.Ab 2008 Moderatorin und Dolmetscherin auf Internationalen Filmfestivals. Kuratorin von Filmreihen. Seit 1996 ehrenamtlich engagiert in der Ev. Luth .Kirche Hannover. 2009 Gr\u00fcndung und Leitung von Filmklubs auf Kirchen-Gemeindeebene. Seit 2009 Interfilmmitglied, Gr\u00fcndungsmitglied von Interfilm Deutschland. Jurymitglied in L\u00fcbeck, Cottbus, Kyjiw und Venedig. Regelm\u00e4\u00dfige Fachbesucherin auf internationalen Filmfestivals.<\/p>\n\n\n\n<p><strong>Kontakt:&nbsp;<\/strong><a href=\"mailto:schantz-derboven@interfilm-deutschland.de\">schantz-derboven (at) interfilm-deutschland.de<\/a><\/p>\n","protected":false},"excerpt":{"rendered":"<p>Dirk von Jutrczenka(Vorsitzender) Dirk von Jutrczenka ist seit 2026 Pfarrer f\u00fcr \u00d6kumene, Ethik und Weltanschauung der Ev.-Luth. Kirche in Oldenburg. Vorher Leiter forum Kirche Bremen und Fachstelle Religionsp\u00e4dagogik und Medien. Studium ev. Theologie und Sozialwissenschaften\/P\u00e4dagogik (M.A.) in G\u00f6ttingen und Birmingham. Mitgr\u00fcnder der Arbeitskreise Kirche und Film (Hannover) und Kirche und Kino (Bremen). Mitglied von INTERFILM seit 2004, verschiedene Juryt\u00e4tigkeiten. Publikation u.a. in: Dietmar Adler u.a. (Hgg.), Mit Bildern bewegen &#8211; Filmgottesdienste (gemeinsam gottesdienst gestalten Bd. [&#8230;]<\/p>\n","protected":false},"author":1,"featured_media":0,"parent":12,"menu_order":1,"comment_status":"closed","ping_status":"closed","template":"","meta":{"_acf_changed":false,"footnotes":""},"class_list":["post-65","page","type-page","status-publish","hentry"],"acf":[],"publishpress_future_action":{"enabled":false,"date":"2026-04-21 23:59:10","action":"change-status","newStatus":"draft","terms":[],"taxonomy":"","extraData":[]},"publishpress_future_workflow_manual_trigger":{"enabledWorkflows":[]},"_links":{"self":[{"href":"https:\/\/interfilm-deutschland.de\/index.php?rest_route=\/wp\/v2\/pages\/65","targetHints":{"allow":["GET"]}}],"collection":[{"href":"https:\/\/interfilm-deutschland.de\/index.php?rest_route=\/wp\/v2\/pages"}],"about":[{"href":"https:\/\/interfilm-deutschland.de\/index.php?rest_route=\/wp\/v2\/types\/page"}],"author":[{"embeddable":true,"href":"https:\/\/interfilm-deutschland.de\/index.php?rest_route=\/wp\/v2\/users\/1"}],"replies":[{"embeddable":true,"href":"https:\/\/interfilm-deutschland.de\/index.php?rest_route=%2Fwp%2Fv2%2Fcomments&post=65"}],"version-history":[{"count":41,"href":"https:\/\/interfilm-deutschland.de\/index.php?rest_route=\/wp\/v2\/pages\/65\/revisions"}],"predecessor-version":[{"id":1609,"href":"https:\/\/interfilm-deutschland.de\/index.php?rest_route=\/wp\/v2\/pages\/65\/revisions\/1609"}],"up":[{"embeddable":true,"href":"https:\/\/interfilm-deutschland.de\/index.php?rest_route=\/wp\/v2\/pages\/12"}],"wp:attachment":[{"href":"https:\/\/interfilm-deutschland.de\/index.php?rest_route=%2Fwp%2Fv2%2Fmedia&parent=65"}],"curies":[{"name":"wp","href":"https:\/\/api.w.org\/{rel}","templated":true}]}}